{"id":59,"date":"2019-08-09T11:02:37","date_gmt":"2019-08-09T15:02:37","guid":{"rendered":"https:\/\/hospitalbarsequillo.gob.do\/transparencia\/?page_id=59"},"modified":"2019-08-09T11:02:37","modified_gmt":"2019-08-09T15:02:37","slug":"compras-y-contrataciones","status":"publish","type":"page","link":"https:\/\/hospitalbarsequillo.gob.do\/transparencia\/compras-y-contrataciones\/","title":{"rendered":"Compras y Contrataciones"},"content":{"rendered":"\n<div class=\"wp-block-columns has-3-columns\">\n<div class=\"wp-block-column\">\n<div class=\"descripcion-servicios\">\n<a href=\"\/transparencia\/compras-y-contrataciones\/como-registrarse-como-proveedor-del-estado\"><span class=\"fonticon\">\n<i class=\"fas fa-sign-in-alt\"><\/i>\n<\/span><\/a>\n<p>Registrarse como Proveedor del Estado<\/p><\/div>\n<\/div>\n\n\n\n<div class=\"wp-block-column\">\n<div class=\"descripcion-servicios\">\n<a href=\"\/transparencia\/compras-y-contrataciones\/plan-anual-de-compras-y-contrataciones\"><span class=\"fonticon\">\n<i class=\"fas fa-calendar-alt\"><\/i>\n<\/span><\/a>\n<p>Plan Anual de Compras y Contrataciones (PACC)<\/p><\/div>\n<\/div>\n\n\n\n<div class=\"wp-block-column\">\n<div class=\"descripcion-servicios\">\n<a href=\"\/transparencia\/compras-y-contrataciones\/licitacion-publica-nacional-e-internacional\"><span class=\"fonticon\">\n<i class=\"fas fa-gavel\"><\/i>\n<\/span><\/a>\n<p>Licitaci\u00f3n P\u00fablica Nacional e Internacional<\/p><\/div>\n<\/div>\n<\/div>\n\n\n\n<div class=\"wp-block-columns has-3-columns\">\n<div class=\"wp-block-column\">\n<div class=\"descripcion-servicios\">\n<a href=\"\/transparencia\/compras-y-contrataciones\/licitacion-restringida\"><span class=\"fonticon\">\n<i class=\"fas fa-compass\"><\/i>\n<\/span><\/a>\n<p>Licitaci\u00f3n Restringida<\/p><\/div>\n<\/div>\n\n\n\n<div class=\"wp-block-column\">\n<div class=\"descripcion-servicios\">\n<a href=\"\/transparencia\/compras-y-contrataciones\/sorteo-de-obras\"><span class=\"fonticon\">\n<i class=\"fas fa-bank\"><\/i>\n<\/span><\/a>\n<p>Sorteo de Obras<\/p><\/div>\n<\/div>\n\n\n\n<div class=\"wp-block-column\">\n<div class=\"descripcion-servicios\">\n<a href=\"\/transparencia\/compras-y-contrataciones\/comparacion-de-precios\"><span class=\"fonticon\">\n<i class=\"fas fa-calculator\"><\/i>\n<\/span><\/a>\n<p>Comparaci\u00f3n de Precios<\/p><\/div>\n<\/div>\n<\/div>\n\n\n\n<p><\/p>\n\n\n\n<div class=\"wp-block-columns has-3-columns\">\n<div class=\"wp-block-column\">\n<div class=\"descripcion-servicios\">\n<a href=\"\/transparencia\/compras-y-contrataciones\/compras-menores\"><span class=\"fonticon\">\n<i class=\"fas fa-flag\"><\/i>\n<\/span><\/a>\n<p>Compras Menores<\/p><\/div>\n<\/div>\n\n\n\n<div class=\"wp-block-column\">\n<div class=\"descripcion-servicios\">\n<a href=\"\/transparencia\/compras-y-contrataciones\/relacion-de-compras-por-debajo-del-umbral\"><span class=\"fonticon\">\n<i class=\"fas fa-cart-arrow-down\"><\/i>\n<\/span><\/a>\n<p>Relaci\u00f3n de Compras por Debajo del Umbral<\/p><\/div>\n<\/div>\n\n\n\n<div class=\"wp-block-column\">\n<div class=\"descripcion-servicios\">\n<a href=\"\/transparencia\/compras-y-contrataciones\/casos-de-seguridad-y-emergencia-nacional\"><span class=\"fonticon\">\n<i class=\"fas fa-lock\"><\/i>\n<\/span><\/a>\n<p>Casos de Seguridad de Emergencia Nacional<\/p><\/div>\n<\/div>\n<\/div>\n\n\n\n<div class=\"wp-block-columns has-3-columns\">\n<div class=\"wp-block-column\">\n<div class=\"descripcion-servicios\">\n<a href=\"\/transparencia\/compras-y-contrataciones\/compras-menores\"><span class=\"fonticon\">\n<i class=\"fas fa-support\"><\/i>\n<\/span><\/a>\n<p>Casos de Urgencias<\/p><\/div>\n<\/div>\n\n\n\n<div class=\"wp-block-column\">\n<div class=\"descripcion-servicios\">\n<a href=\"\/transparencia\/compras-y-contrataciones\/otros-casos-de-excepcion\"><span class=\"fonticon\">\n<i class=\"fas fa-map-signs\"><\/i>\n<\/span><\/a>\n<p>Otros Casos de Excepci\u00f3n<\/p><\/div>\n<\/div>\n\n\n\n<div class=\"wp-block-column\">\n<div class=\"descripcion-servicios\">\n<a href=\"\/transparencia\/compras-y-contrataciones\/estado-de-cuentas-de-suplidores\"><span class=\"fonticon\">\n<i class=\"fas fa-question-circle\"><\/i>\n<\/span><\/a>\n<p>Estado de Cuentas de Suplidores<\/p><\/div>\n<\/div>\n<\/div>\n","protected":false},"excerpt":{"rendered":"<p>Registrarse como Proveedor del Estado Plan Anual de Compras y Contrataciones (PACC) Licitaci\u00f3n P\u00fablica Nacional e Internacional Licitaci\u00f3n Restringida Sorteo de Obras Comparaci\u00f3n de Precios Compras Menores Relaci\u00f3n de Compras por Debajo del Umbral Casos de Seguridad de Emergencia Nacional Casos de Urgencias Otros Casos de Excepci\u00f3n Estado de Cuentas de Suplidores<\/p>\n","protected":false},"author":1,"featured_media":0,"parent":0,"menu_order":0,"comment_status":"closed","ping_status":"closed","template":"","meta":[],"_links":{"self":[{"href":"https:\/\/hospitalbarsequillo.gob.do\/transparencia\/wp-json\/wp\/v2\/pages\/59"}],"collection":[{"href":"https:\/\/hospitalbarsequillo.gob.do\/transparencia\/wp-json\/wp\/v2\/pages"}],"about":[{"href":"https:\/\/hospitalbarsequillo.gob.do\/transparencia\/wp-json\/wp\/v2\/types\/page"}],"author":[{"embeddable":true,"href":"https:\/\/hospitalbarsequillo.gob.do\/transparencia\/wp-json\/wp\/v2\/users\/1"}],"replies":[{"embeddable":true,"href":"https:\/\/hospitalbarsequillo.gob.do\/transparencia\/wp-json\/wp\/v2\/comments?post=59"}],"version-history":[{"count":0,"href":"https:\/\/hospitalbarsequillo.gob.do\/transparencia\/wp-json\/wp\/v2\/pages\/59\/revisions"}],"wp:attachment":[{"href":"https:\/\/hospitalbarsequillo.gob.do\/transparencia\/wp-json\/wp\/v2\/media?parent=59"}],"curies":[{"name":"wp","href":"https:\/\/api.w.org\/{rel}","templated":true}]}}