{"id":39,"date":"2019-08-09T09:56:41","date_gmt":"2019-08-09T13:56:41","guid":{"rendered":"https:\/\/hospitalbarsequillo.gob.do\/transparencia\/?page_id=39"},"modified":"2020-02-02T14:44:19","modified_gmt":"2020-02-02T18:44:19","slug":"plan-estrategico-institucional-pei","status":"publish","type":"page","link":"https:\/\/hospitalbarsequillo.gob.do\/transparencia\/plan-estrategico-institucional-pei\/","title":{"rendered":"Plan Estrat\u00e9gico Institucional (PEI)"},"content":{"rendered":"\n<div class=\"texto-leyenda\">\n<p>El Hospital, en su condici\u00f3n de Entidad P\u00fablica Desconcentrada (ver art. 4 de la <a href=\"https:\/\/docs.google.com\/viewer?url=https:\/\/sns.gob.do\/transparencia\/descargas\/9\/leyes\/395\/ley-123-15-que-crea-el-servicio-nacional-de-salud-sns.pdf\" target=\"_blank\" rel=\"noopener noreferrer\">Ley 123-15<\/a> que crea el <strong>Servicio Nacional de Salud<\/strong>), no posee un Plan Estrat\u00e9gico particular, sino que a trav\u00e9s de la ejecuci\u00f3n del Plan Operativo Anual del Servicio Nacional de Salud contribuye al alcance de sus objetivos estrat\u00e9gicos, raz\u00f3n por la cual a continuaci\u00f3n presentamos un enlace a la misma:<br><br>\n<button class=\"boton-enlace\"><a rel=\"noreferrer noopener\" href=\"https:\/\/sns.gob.do\/transparencia\/plan-estrategico-institucional\/\" target=\"_blank\"><strong>Plan Estrat\u00e9gico del Servicio Nacional de Salud<\/strong><\/a><\/button>\n<\/p>\n<\/div>\n\n\n\n<div class=\"wpfd-content wpfd-content-default wpfd-content-multi\" data-category=\"29\"             style=\"background-color: transparent\"><input type=\"hidden\" id=\"current_category_29\" value=\"29\" \/>                    <input type=\"hidden\" id=\"current_category_slug_29\" value=\"plan-estrategico-institucional-pei\" \/>                    <input type=\"hidden\" id=\"current_ordering_29\" value=\"title\" \/>                    <input type=\"hidden\" id=\"current_ordering_direction_29\" value=\"desc\" \/>                    <input type=\"hidden\" id=\"page_limit_29\" value=\"10\" \/><input type=\"hidden\" id=\"wpfd_display_empty_category_message\" value=\"0\" \/><input type=\"hidden\" id=\"wpfd_empty_category_message_val\" value=\"This file category has no files to display\" \/><input type=\"hidden\" id=\"wpfd_display_empty_folder\" value=\"1\" \/><input type=\"hidden\" id=\"wpfd_is_empty_subcategories\" value=\"1\" \/><input type=\"hidden\" id=\"wpfd_is_empty_files\" value=\"1\" \/><ul class=\"breadcrumbs wpfd-breadcrumbs-default head-category-default\">                            <li class=\"active\">Plan Estrat\u00e9gico Institucional (PEI)<\/li>                        <\/ul>    <script type=\"text\/x-handlebars-template\" class=\"wpfd-template-categories\">        <div class=\"wpfd-categories \">{{#if category}}{{#with category}}<h2>{{name}}<\/h2>{{#if parent}}<a class=\"catlink backcategory\" href=\"#\" data-idcat=\"{{parent}}\">                        <i class=\"zmdi zmdi-chevron-left\"><\/i><span>Atr\u00e1s<\/span><\/a>{{\/if}}{{\/with}}{{\/if}}{{#if category.desc}}<div class=\"wpfd-category-desc\">{{category.desc}}<\/div>{{\/if}}{{#if categories}}{{#each categories}}<a class=\"wpfdcategory catlink\" style=\"margin : 10px 10px 10px 10px;\" href=\"#\" data-idcat=\"{{term_id}}\" title=\"{{name}}\">                                <span>{{name}}<\/span><i class=\"zmdi zmdi-folder wpfd-folder\"><\/i>                            <\/a>{{\/each}}{{\/if}}<div class=\"wpfdcategory_placeholder\" style=\"margin : 0 10px 0 10px;\"><\/div><div class=\"wpfdcategory_placeholder\" style=\"margin : 0 10px 0 10px;\"><\/div><div class=\"wpfdcategory_placeholder\" style=\"margin : 0 10px 0 10px;\"><\/div><\/div>    <\/script>    <script type=\"text\/x-handlebars-template\" class=\"wpfd-template-files\">        {{#if files }}        <div class=\"wpfd_list\">            {{#each files}}            <div class=\"file\" style=\"margin : 10px 10px 10px 10px;\" data-id=\"{{ID}}\" data-catid=\"{{catid}}\">                <div class=\"filecontent\">                    {{#if file_custom_icon}}                    <div class=\"icon-custom\"><img src=\"{{file_custom_icon}}\" \/><\/div>                    {{else}}                    <div class=\"ext ext-{{ext}} wpfd-icon-set-png\"><span class=\"txt\">{{ext}}<\/span><\/div>                    {{\/if}}<h3><a href=\"{{linkdownload}}\"  class=\"wpfd_downloadlink\" title=\"{{post_title}}\" target=\"{{#if remote_file}}_blank{{\/if}}\">{{{crop_title}}}<\/a><\/h3>                    <div class=\"file-xinfo\">                        {{#if description}}<div class=\"file-desc\">{{{description}}}<\/div>{{\/if}}{{#if versionNumber}}<div class=\"file-version\"><span>Version:<\/span> {{versionNumber}}<\/div>{{\/if}}<div class=\"file-size\"><span>Tama\u00f1o:<\/span> {{bytesToSize size}}<\/div><div class=\"file-hits\"><span>Descargas:<\/span> {{hits}}<\/div><div class=\"file-dated\"><span>Fecha Agregado:<\/span> {{created}}<\/div>                    <\/div>                <\/div>                <span class=\"file-right\">                    <a class=\"downloadlink wpfd_downloadlink\"  href=\"{{linkdownload}}\" style=\"background-color:#76bc58;color:#ffffff;\" target=\"{{#if remote_file}}_blank{{\/if}}\">Ver Proceso<i class=\"zmdi zmdi-cloud-download wpfd-download\"><\/i><\/a>{{#if openpdflink}}<a class=\"openlink wpfdlightbox wpfd_previewlink\" href=\"{{openpdflink}}\" target=\"\">Ver Archivo                            <i class=\"zmdi zmdi-filter-center-focus wpfd-preview\"><\/i>                        <\/a>{{else}}{{#if viewerlink}}<a                            href=\"{{viewerlink}}\"                            class=\"openlink wpfdlightbox wpfd_previewlink\"                            target=\"\"                            data-id=\"{{ID}}\"                            data-catid=\"{{catid}}\"                            data-file-type=\"{{ext}}\">Ver Archivo<i class=\"zmdi zmdi-filter-center-focus wpfd-preview\"><\/i>                        <\/a>{{\/if}}{{\/if}}                <\/span>            <\/div>            {{\/each}}            <div class=\"file flex_span\" style=\"margin : 10px 10px 10px 10px;\"><\/div>        <\/div>        {{\/if}}    <\/script><div class=\"wpfd-container show_category_title show_breadcrumb show_subcategories\">        <div class=\"wpfd-open-tree\"><\/div>    <div class=\"wpfd-container-default \">        <div class=\"wpfd-categories \"><h2>Plan Estrat\u00e9gico Institucional (PEI)<\/h2><div class=\"wpfd-category-desc\"><\/div><a class=\"wpfdcategory catlink\" style=\"margin : 10px 10px 10px 10px;\" href=\"#\"                                   data-idcat=\"170\"                                   title=\"Plan Operativo Anual (POA)\">                                    <span>Plan Operativo Anual (POA)<\/span>                                    <i class=\"zmdi zmdi-folder wpfd-folder\"><\/i>                                <\/a><div class=\"wpfdcategory_placeholder\" style=\"margin : 0 10px 0 10px;\"><\/div><div class=\"wpfdcategory_placeholder\" style=\"margin : 0 10px 0 10px;\"><\/div><div class=\"wpfdcategory_placeholder\" style=\"margin : 0 10px 0 10px;\"><\/div><input type=\"hidden\" id=\"wpfd_subcategories_hover_color\" class=\"wpfd_subcategories_hover_color\" value=\"\" \/><\/div>                    <\/div><\/div><\/div>\n\n\n\n<hr>\n<div class=\"visor-docs\">\n<h4>\u00bfNo puede visualizar los documentos?<\/h4>\n<h6>Es posible que necesite descargar e instalar el siguientes programa:<\/h6>\n<p><i class=\"fa fa-file-pdf-o\"><\/i>&nbsp; Archivos PDF, <a href=\"https:\/\/get.adobe.com\/es\/reader\/\" target=\"_blank\" rel=\"noopener noreferrer\">descargue visor aqu\u00ed &nbsp;<i class=\"fa fa-download\"><\/i><\/a><\/p>\n<\/div>\n","protected":false},"excerpt":{"rendered":"<p>El Hospital, en su condici\u00f3n de Entidad P\u00fablica Desconcentrada (ver art. 4 de la Ley 123-15 que crea el Servicio Nacional de Salud), no posee un Plan Estrat\u00e9gico particular, sino que a trav\u00e9s de la ejecuci\u00f3n del Plan Operativo Anual del Servicio Nacional de Salud contribuye al alcance de sus objetivos estrat\u00e9gicos, raz\u00f3n por la [&hellip;]<\/p>\n","protected":false},"author":1,"featured_media":0,"parent":0,"menu_order":0,"comment_status":"closed","ping_status":"closed","template":"","meta":[],"_links":{"self":[{"href":"https:\/\/hospitalbarsequillo.gob.do\/transparencia\/wp-json\/wp\/v2\/pages\/39"}],"collection":[{"href":"https:\/\/hospitalbarsequillo.gob.do\/transparencia\/wp-json\/wp\/v2\/pages"}],"about":[{"href":"https:\/\/hospitalbarsequillo.gob.do\/transparencia\/wp-json\/wp\/v2\/types\/page"}],"author":[{"embeddable":true,"href":"https:\/\/hospitalbarsequillo.gob.do\/transparencia\/wp-json\/wp\/v2\/users\/1"}],"replies":[{"embeddable":true,"href":"https:\/\/hospitalbarsequillo.gob.do\/transparencia\/wp-json\/wp\/v2\/comments?post=39"}],"version-history":[{"count":1,"href":"https:\/\/hospitalbarsequillo.gob.do\/transparencia\/wp-json\/wp\/v2\/pages\/39\/revisions"}],"predecessor-version":[{"id":746,"href":"https:\/\/hospitalbarsequillo.gob.do\/transparencia\/wp-json\/wp\/v2\/pages\/39\/revisions\/746"}],"wp:attachment":[{"href":"https:\/\/hospitalbarsequillo.gob.do\/transparencia\/wp-json\/wp\/v2\/media?parent=39"}],"curies":[{"name":"wp","href":"https:\/\/api.w.org\/{rel}","templated":true}]}}